{"id":3042,"date":"2024-12-27T09:55:14","date_gmt":"2024-12-27T09:55:14","guid":{"rendered":"https:\/\/agrotreidas.lt\/?page_id=3042"},"modified":"2024-12-31T09:17:14","modified_gmt":"2024-12-31T09:17:14","slug":"ekspedijavimo-paslaugu-bendrosios-salygos","status":"publish","type":"page","link":"https:\/\/agrotreidas.lt\/ru\/ekspedijavimo-paslaugu-bendrosios-salygos\/","title":{"rendered":"EKSPEDIJAVIMO PASLAUG\u0172 BENDROSIOS S\u0104LYGOS"},"content":{"rendered":"<div data-elementor-type=\"wp-page\" data-elementor-id=\"3042\" class=\"elementor elementor-3042\" data-elementor-post-type=\"page\">\n\t\t\t\t\t\t<section class=\"elementor-section elementor-top-section elementor-element elementor-element-7fa98d1 elementor-section-height-min-height elementor-section-boxed elementor-section-height-default elementor-section-items-middle wpr-particle-no wpr-jarallax-no wpr-parallax-no wpr-sticky-section-no\" data-id=\"7fa98d1\" data-element_type=\"section\" data-settings=\"{&quot;background_background&quot;:&quot;gradient&quot;}\">\n\t\t\t\t\t\t<div class=\"elementor-container elementor-column-gap-default\">\n\t\t\t\t\t<div class=\"elementor-column elementor-col-100 elementor-top-column elementor-element elementor-element-e73c115\" data-id=\"e73c115\" data-element_type=\"column\">\n\t\t\t<div class=\"elementor-widget-wrap elementor-element-populated\">\n\t\t\t\t\t\t<div class=\"elementor-element elementor-element-aed5831 elementor-widget elementor-widget-heading\" data-id=\"aed5831\" data-element_type=\"widget\" data-widget_type=\"heading.default\">\n\t\t\t\t<div class=\"elementor-widget-container\">\n\t\t\t<style>\/*! elementor - v3.19.0 - 07-02-2024 *\/\n.elementor-heading-title{padding:0;margin:0;line-height:1}.elementor-widget-heading .elementor-heading-title[class*=elementor-size-]>a{color:inherit;font-size:inherit;line-height:inherit}.elementor-widget-heading .elementor-heading-title.elementor-size-small{font-size:15px}.elementor-widget-heading .elementor-heading-title.elementor-size-medium{font-size:19px}.elementor-widget-heading .elementor-heading-title.elementor-size-large{font-size:29px}.elementor-widget-heading .elementor-heading-title.elementor-size-xl{font-size:39px}.elementor-widget-heading .elementor-heading-title.elementor-size-xxl{font-size:59px}<\/style><h1 class=\"elementor-heading-title elementor-size-default\">Ekspedijavimo paslaug\u0173 bendrosios s\u0105lygos<\/h1>\t\t<\/div>\n\t\t\t\t<\/div>\n\t\t\t\t\t<\/div>\n\t\t<\/div>\n\t\t\t\t\t<\/div>\n\t\t<\/section>\n\t\t\t\t<section class=\"elementor-section elementor-top-section elementor-element elementor-element-c19f01e elementor-section-content-middle elementor-section-boxed elementor-section-height-default elementor-section-height-default wpr-particle-no wpr-jarallax-no wpr-parallax-no wpr-sticky-section-no\" data-id=\"c19f01e\" data-element_type=\"section\" id=\"agrotreidas\">\n\t\t\t\t\t\t<div class=\"elementor-container elementor-column-gap-no\">\n\t\t\t\t\t<div class=\"elementor-column elementor-col-100 elementor-top-column elementor-element elementor-element-407ceff\" data-id=\"407ceff\" data-element_type=\"column\">\n\t\t\t<div class=\"elementor-widget-wrap elementor-element-populated\">\n\t\t\t\t\t\t<section class=\"elementor-section elementor-inner-section elementor-element elementor-element-fe527c5 elementor-section-boxed elementor-section-height-default elementor-section-height-default wpr-particle-no wpr-jarallax-no wpr-parallax-no wpr-sticky-section-no\" data-id=\"fe527c5\" data-element_type=\"section\">\n\t\t\t\t\t\t<div class=\"elementor-container elementor-column-gap-default\">\n\t\t\t\t\t<div class=\"elementor-column elementor-col-50 elementor-inner-column elementor-element elementor-element-70d66df\" data-id=\"70d66df\" data-element_type=\"column\">\n\t\t\t<div class=\"elementor-widget-wrap elementor-element-populated\">\n\t\t\t\t\t\t<div class=\"elementor-element elementor-element-8ac0b63 elementor-widget elementor-widget-image\" data-id=\"8ac0b63\" data-element_type=\"widget\" data-widget_type=\"image.default\">\n\t\t\t\t<div class=\"elementor-widget-container\">\n\t\t\t<style>\/*! elementor - v3.19.0 - 07-02-2024 *\/\n.elementor-widget-image{text-align:center}.elementor-widget-image a{display:inline-block}.elementor-widget-image a img[src$=\".svg\"]{width:48px}.elementor-widget-image img{vertical-align:middle;display:inline-block}<\/style>\t\t\t\t\t\t\t\t\t\t<img fetchpriority=\"high\" decoding=\"async\" width=\"4297\" height=\"1213\" src=\"https:\/\/agrotreidas.lt\/wp-content\/uploads\/2023\/07\/Agrotreidas-ESKIZAI-2-01.png\" class=\"attachment-full size-full wp-image-1285\" alt=\"\" srcset=\"https:\/\/agrotreidas.lt\/wp-content\/uploads\/2023\/07\/Agrotreidas-ESKIZAI-2-01.png 4297w, https:\/\/agrotreidas.lt\/wp-content\/uploads\/2023\/07\/Agrotreidas-ESKIZAI-2-01-1536x434.png 1536w, https:\/\/agrotreidas.lt\/wp-content\/uploads\/2023\/07\/Agrotreidas-ESKIZAI-2-01-2048x578.png 2048w\" sizes=\"(max-width: 4297px) 100vw, 4297px\" \/>\t\t\t\t\t\t\t\t\t\t\t\t\t<\/div>\n\t\t\t\t<\/div>\n\t\t\t\t<div class=\"elementor-element elementor-element-9c28566 elementor-widget elementor-widget-text-editor\" data-id=\"9c28566\" data-element_type=\"widget\" data-widget_type=\"text-editor.default\">\n\t\t\t\t<div class=\"elementor-widget-container\">\n\t\t\t<style>\/*! elementor - v3.19.0 - 07-02-2024 *\/\n.elementor-widget-text-editor.elementor-drop-cap-view-stacked .elementor-drop-cap{background-color:#69727d;color:#fff}.elementor-widget-text-editor.elementor-drop-cap-view-framed .elementor-drop-cap{color:#69727d;border:3px solid;background-color:transparent}.elementor-widget-text-editor:not(.elementor-drop-cap-view-default) .elementor-drop-cap{margin-top:8px}.elementor-widget-text-editor:not(.elementor-drop-cap-view-default) .elementor-drop-cap-letter{width:1em;height:1em}.elementor-widget-text-editor .elementor-drop-cap{float:left;text-align:center;line-height:1;font-size:50px}.elementor-widget-text-editor .elementor-drop-cap-letter{display:inline-block}<\/style>\t\t\t\t<p>EKSPEDIJAVIMO PASLAUG\u0172 BENDROSIOS S\u0104LYGOS<\/p>\t\t\t\t\t\t<\/div>\n\t\t\t\t<\/div>\n\t\t\t\t\t<\/div>\n\t\t<\/div>\n\t\t\t\t<div class=\"elementor-column elementor-col-50 elementor-inner-column elementor-element elementor-element-d7a3b27\" data-id=\"d7a3b27\" data-element_type=\"column\">\n\t\t\t<div class=\"elementor-widget-wrap elementor-element-populated\">\n\t\t\t\t\t\t<div class=\"elementor-element elementor-element-d288fad elementor-position-left elementor-vertical-align-middle elementor-widget elementor-widget-image-box\" data-id=\"d288fad\" data-element_type=\"widget\" data-widget_type=\"image-box.default\">\n\t\t\t\t<div class=\"elementor-widget-container\">\n\t\t\t<style>\/*! elementor - v3.19.0 - 07-02-2024 *\/\n.elementor-widget-image-box .elementor-image-box-content{width:100%}@media (min-width:768px){.elementor-widget-image-box.elementor-position-left .elementor-image-box-wrapper,.elementor-widget-image-box.elementor-position-right .elementor-image-box-wrapper{display:flex}.elementor-widget-image-box.elementor-position-right .elementor-image-box-wrapper{text-align:right;flex-direction:row-reverse}.elementor-widget-image-box.elementor-position-left .elementor-image-box-wrapper{text-align:left;flex-direction:row}.elementor-widget-image-box.elementor-position-top .elementor-image-box-img{margin:auto}.elementor-widget-image-box.elementor-vertical-align-top .elementor-image-box-wrapper{align-items:flex-start}.elementor-widget-image-box.elementor-vertical-align-middle .elementor-image-box-wrapper{align-items:center}.elementor-widget-image-box.elementor-vertical-align-bottom .elementor-image-box-wrapper{align-items:flex-end}}@media (max-width:767px){.elementor-widget-image-box .elementor-image-box-img{margin-left:auto!important;margin-right:auto!important;margin-bottom:15px}}.elementor-widget-image-box .elementor-image-box-img{display:inline-block}.elementor-widget-image-box .elementor-image-box-title a{color:inherit}.elementor-widget-image-box .elementor-image-box-wrapper{text-align:center}.elementor-widget-image-box .elementor-image-box-description{margin:0}<\/style><div class=\"elementor-image-box-wrapper\"><figure class=\"elementor-image-box-img\"><a href=\"https:\/\/agrotreidas.lt\/wp-content\/uploads\/2024\/12\/B_General_Terms_-LT.pdf\" target=\"_blank\" tabindex=\"-1\"><img decoding=\"async\" width=\"512\" height=\"512\" src=\"https:\/\/agrotreidas.lt\/wp-content\/uploads\/2024\/12\/pdf.png\" class=\"elementor-animation-bob attachment-full size-full wp-image-3044\" alt=\"\" srcset=\"https:\/\/agrotreidas.lt\/wp-content\/uploads\/2024\/12\/pdf.png 512w, https:\/\/agrotreidas.lt\/wp-content\/uploads\/2024\/12\/pdf-300x300.png 300w, https:\/\/agrotreidas.lt\/wp-content\/uploads\/2024\/12\/pdf-150x150.png 150w, https:\/\/agrotreidas.lt\/wp-content\/uploads\/2024\/12\/pdf-12x12.png 12w\" sizes=\"(max-width: 512px) 100vw, 512px\" \/><\/a><\/figure><div class=\"elementor-image-box-content\"><h3 class=\"elementor-image-box-title\"><a href=\"https:\/\/agrotreidas.lt\/wp-content\/uploads\/2024\/12\/B_General_Terms_-LT.pdf\" target=\"_blank\">Redakcija galioja nuo 2025-01-01 <\/a><\/h3><p class=\"elementor-image-box-description\">\nUAB \u201eAgrotreidas Logistics\u201c EKSPEDIJAVIMO PASLAUG\u0172 BENDROSIOS S\u0104LYGOS<\/p><\/div><\/div>\t\t<\/div>\n\t\t\t\t<\/div>\n\t\t\t\t<div class=\"elementor-element elementor-element-7cf65cc elementor-position-left elementor-vertical-align-middle elementor-widget elementor-widget-image-box\" data-id=\"7cf65cc\" data-element_type=\"widget\" data-widget_type=\"image-box.default\">\n\t\t\t\t<div class=\"elementor-widget-container\">\n\t\t\t<div class=\"elementor-image-box-wrapper\"><figure class=\"elementor-image-box-img\"><a href=\"https:\/\/agrotreidas.lt\/wp-content\/uploads\/2024\/12\/Agrotreidas-Logistics-General-terms-and-conditions-EN.pdf\" target=\"_blank\" tabindex=\"-1\"><img decoding=\"async\" width=\"512\" height=\"512\" src=\"https:\/\/agrotreidas.lt\/wp-content\/uploads\/2024\/12\/pdf.png\" class=\"elementor-animation-bob attachment-full size-full wp-image-3044\" alt=\"\" srcset=\"https:\/\/agrotreidas.lt\/wp-content\/uploads\/2024\/12\/pdf.png 512w, https:\/\/agrotreidas.lt\/wp-content\/uploads\/2024\/12\/pdf-300x300.png 300w, https:\/\/agrotreidas.lt\/wp-content\/uploads\/2024\/12\/pdf-150x150.png 150w, https:\/\/agrotreidas.lt\/wp-content\/uploads\/2024\/12\/pdf-12x12.png 12w\" sizes=\"(max-width: 512px) 100vw, 512px\" \/><\/a><\/figure><div class=\"elementor-image-box-content\"><h3 class=\"elementor-image-box-title\"><a href=\"https:\/\/agrotreidas.lt\/wp-content\/uploads\/2024\/12\/Agrotreidas-Logistics-General-terms-and-conditions-EN.pdf\" target=\"_blank\">Valid from 2025-01-01 <\/a><\/h3><p class=\"elementor-image-box-description\">GENERAL TERMS AND CONDITIONS OF FORWARDING SERVICES PROVIDED BY Agrotreidas Logistics, UAB<\/p><\/div><\/div>\t\t<\/div>\n\t\t\t\t<\/div>\n\t\t\t\t<div class=\"elementor-element elementor-element-8552e32 elementor-position-left elementor-vertical-align-middle elementor-widget elementor-widget-image-box\" data-id=\"8552e32\" data-element_type=\"widget\" data-widget_type=\"image-box.default\">\n\t\t\t\t<div class=\"elementor-widget-container\">\n\t\t\t<div class=\"elementor-image-box-wrapper\"><figure class=\"elementor-image-box-img\"><a href=\"https:\/\/agrotreidas.lt\/wp-content\/uploads\/2024\/12\/Agrotreidas-General-Terms-LT.pdf\" target=\"_blank\" tabindex=\"-1\"><img decoding=\"async\" width=\"512\" height=\"512\" src=\"https:\/\/agrotreidas.lt\/wp-content\/uploads\/2024\/12\/pdf.png\" class=\"elementor-animation-bob attachment-full size-full wp-image-3044\" alt=\"\" srcset=\"https:\/\/agrotreidas.lt\/wp-content\/uploads\/2024\/12\/pdf.png 512w, https:\/\/agrotreidas.lt\/wp-content\/uploads\/2024\/12\/pdf-300x300.png 300w, https:\/\/agrotreidas.lt\/wp-content\/uploads\/2024\/12\/pdf-150x150.png 150w, https:\/\/agrotreidas.lt\/wp-content\/uploads\/2024\/12\/pdf-12x12.png 12w\" sizes=\"(max-width: 512px) 100vw, 512px\" \/><\/a><\/figure><div class=\"elementor-image-box-content\"><h3 class=\"elementor-image-box-title\"><a href=\"https:\/\/agrotreidas.lt\/wp-content\/uploads\/2024\/12\/Agrotreidas-General-Terms-LT.pdf\" target=\"_blank\">Redakcija galioja nuo 2025-01-01 <\/a><\/h3><p class=\"elementor-image-box-description\">UAB \u201eAgrotreidas\u201c EKSPEDIJAVIMO PASLAUG\u0172 BENDROSIOS S\u0104LYGOS<\/p><\/div><\/div>\t\t<\/div>\n\t\t\t\t<\/div>\n\t\t\t\t<div class=\"elementor-element elementor-element-3569964 elementor-position-left elementor-vertical-align-middle elementor-widget elementor-widget-image-box\" data-id=\"3569964\" data-element_type=\"widget\" data-widget_type=\"image-box.default\">\n\t\t\t\t<div class=\"elementor-widget-container\">\n\t\t\t<div class=\"elementor-image-box-wrapper\"><figure class=\"elementor-image-box-img\"><a href=\"https:\/\/agrotreidas.lt\/wp-content\/uploads\/2024\/12\/Agrotreidas-General-terms-and-conditions-EN.pdf\" target=\"_blank\" tabindex=\"-1\"><img decoding=\"async\" width=\"512\" height=\"512\" src=\"https:\/\/agrotreidas.lt\/wp-content\/uploads\/2024\/12\/pdf.png\" class=\"elementor-animation-bob attachment-full size-full wp-image-3044\" alt=\"\" srcset=\"https:\/\/agrotreidas.lt\/wp-content\/uploads\/2024\/12\/pdf.png 512w, https:\/\/agrotreidas.lt\/wp-content\/uploads\/2024\/12\/pdf-300x300.png 300w, https:\/\/agrotreidas.lt\/wp-content\/uploads\/2024\/12\/pdf-150x150.png 150w, https:\/\/agrotreidas.lt\/wp-content\/uploads\/2024\/12\/pdf-12x12.png 12w\" sizes=\"(max-width: 512px) 100vw, 512px\" \/><\/a><\/figure><div class=\"elementor-image-box-content\"><h3 class=\"elementor-image-box-title\"><a href=\"https:\/\/agrotreidas.lt\/wp-content\/uploads\/2024\/12\/Agrotreidas-General-terms-and-conditions-EN.pdf\" target=\"_blank\">Valid from 2025-01-01 <\/a><\/h3><p class=\"elementor-image-box-description\">GENERAL TERMS AND CONDITIONS OF FORWARDING SERVICES PROVIDED BY Agrotreidas, UAB<\/p><\/div><\/div>\t\t<\/div>\n\t\t\t\t<\/div>\n\t\t\t\t\t<\/div>\n\t\t<\/div>\n\t\t\t\t\t<\/div>\n\t\t<\/section>\n\t\t\t\t\t<\/div>\n\t\t<\/div>\n\t\t\t\t\t<\/div>\n\t\t<\/section>\n\t\t\t\t<section class=\"elementor-section elementor-top-section elementor-element elementor-element-67f96e0 elementor-section-height-min-height elementor-section-boxed elementor-section-height-default elementor-section-items-middle wpr-particle-no wpr-jarallax-no wpr-parallax-no wpr-sticky-section-no\" data-id=\"67f96e0\" data-element_type=\"section\" data-settings=\"{&quot;background_background&quot;:&quot;gradient&quot;,&quot;shape_divider_top&quot;:&quot;tilt&quot;,&quot;shape_divider_bottom&quot;:&quot;tilt&quot;}\">\n\t\t\t\t\t<div class=\"elementor-shape elementor-shape-top\" data-negative=\"false\">\n\t\t\t<svg xmlns=\"http:\/\/www.w3.org\/2000\/svg\" viewbox=\"0 0 1000 100\" preserveaspectratio=\"none\">\n\t<path class=\"elementor-shape-fill\" d=\"M0,6V0h1000v100L0,6z\"\/>\n<\/svg>\t\t<\/div>\n\t\t\t\t<div class=\"elementor-shape elementor-shape-bottom\" data-negative=\"false\">\n\t\t\t<svg xmlns=\"http:\/\/www.w3.org\/2000\/svg\" viewbox=\"0 0 1000 100\" preserveaspectratio=\"none\">\n\t<path class=\"elementor-shape-fill\" d=\"M0,6V0h1000v100L0,6z\"\/>\n<\/svg>\t\t<\/div>\n\t\t\t\t\t<div class=\"elementor-container elementor-column-gap-default\">\n\t\t\t\t\t<div class=\"elementor-column elementor-col-100 elementor-top-column elementor-element elementor-element-2f81a2f\" data-id=\"2f81a2f\" data-element_type=\"column\">\n\t\t\t<div class=\"elementor-widget-wrap elementor-element-populated\">\n\t\t\t\t\t\t<div class=\"elementor-element elementor-element-d501d73 elementor-widget elementor-widget-heading\" data-id=\"d501d73\" data-element_type=\"widget\" data-widget_type=\"heading.default\">\n\t\t\t\t<div class=\"elementor-widget-container\">\n\t\t\t<h3 class=\"elementor-heading-title elementor-size-default\">Susisiekite su mumis<\/h3>\t\t<\/div>\n\t\t\t\t<\/div>\n\t\t\t\t<div class=\"elementor-element elementor-element-012d180 elementor-align-center elementor-widget elementor-widget-button\" data-id=\"012d180\" data-element_type=\"widget\" data-widget_type=\"button.default\">\n\t\t\t\t<div class=\"elementor-widget-container\">\n\t\t\t\t\t<div class=\"elementor-button-wrapper\">\n\t\t\t<a class=\"elementor-button elementor-button-link elementor-size-sm\" href=\"https:\/\/agrotreidas.lt\/ru\/kontaktai\/\">\n\t\t\t\t\t\t<span class=\"elementor-button-content-wrapper\">\n\t\t\t\t\t\t<span class=\"elementor-button-icon elementor-align-icon-right\">\n\t\t\t\t<i aria-hidden=\"true\" class=\"fas fa-angle-right\"><\/i>\t\t\t<\/span>\n\t\t\t\t\t\t<span class=\"elementor-button-text\">\u041a\u043e\u043d\u0442\u0430\u043a\u0442\u044b<\/span>\n\t\t<\/span>\n\t\t\t\t\t<\/a>\n\t\t<\/div>\n\t\t\t\t<\/div>\n\t\t\t\t<\/div>\n\t\t\t\t\t<\/div>\n\t\t<\/div>\n\t\t\t\t\t<\/div>\n\t\t<\/section>\n\t\t\t\t<\/div>","protected":false},"excerpt":{"rendered":"<p>Ekspedijavimo paslaug\u0173 bendrosios s\u0105lygos EKSPEDIJAVIMO PASLAUG\u0172 BENDROSIOS S\u0104LYGOS Redakcija galioja nuo 2025-01-01 UAB \u201eAgrotreidas Logistics\u201c EKSPEDIJAVIMO PASLAUG\u0172 BENDROSIOS S\u0104LYGOS Valid from 2025-01-01 GENERAL TERMS AND CONDITIONS OF FORWARDING SERVICES PROVIDED BY Agrotreidas Logistics, UAB Redakcija galioja nuo 2025-01-01 UAB \u201eAgrotreidas\u201c EKSPEDIJAVIMO PASLAUG\u0172 BENDROSIOS S\u0104LYGOS Valid from 2025-01-01 GENERAL TERMS AND CONDITIONS OF FORWARDING SERVICES PROVIDED [&hellip;]<\/p>","protected":false},"author":5,"featured_media":0,"parent":0,"menu_order":0,"comment_status":"closed","ping_status":"closed","template":"elementor_header_footer","meta":{"footnotes":""},"_links":{"self":[{"href":"https:\/\/agrotreidas.lt\/ru\/wp-json\/wp\/v2\/pages\/3042"}],"collection":[{"href":"https:\/\/agrotreidas.lt\/ru\/wp-json\/wp\/v2\/pages"}],"about":[{"href":"https:\/\/agrotreidas.lt\/ru\/wp-json\/wp\/v2\/types\/page"}],"author":[{"embeddable":true,"href":"https:\/\/agrotreidas.lt\/ru\/wp-json\/wp\/v2\/users\/5"}],"replies":[{"embeddable":true,"href":"https:\/\/agrotreidas.lt\/ru\/wp-json\/wp\/v2\/comments?post=3042"}],"version-history":[{"count":13,"href":"https:\/\/agrotreidas.lt\/ru\/wp-json\/wp\/v2\/pages\/3042\/revisions"}],"predecessor-version":[{"id":3061,"href":"https:\/\/agrotreidas.lt\/ru\/wp-json\/wp\/v2\/pages\/3042\/revisions\/3061"}],"wp:attachment":[{"href":"https:\/\/agrotreidas.lt\/ru\/wp-json\/wp\/v2\/media?parent=3042"}],"curies":[{"name":"wp","href":"https:\/\/api.w.org\/{rel}","templated":true}]}}